{"id":80,"date":"2025-05-08T11:16:29","date_gmt":"2025-05-08T11:16:29","guid":{"rendered":"https:\/\/skolazari.cz\/?page_id=80"},"modified":"2026-01-08T15:55:59","modified_gmt":"2026-01-08T15:55:59","slug":"kontakt","status":"publish","type":"page","link":"https:\/\/skolazari.cz\/domu\/kontakt\/","title":{"rendered":"Kontakt"},"content":{"rendered":"\n<div class=\"wp-block-uagb-container uagb-block-mipvzfx4 alignfull uagb-is-root-container\"><div class=\"uagb-container-inner-blocks-wrap\">\n<div class=\"wp-block-uagb-info-box uagb-block-gknkm6ph uagb-infobox__content-wrap  uagb-infobox-icon-above-title uagb-infobox-image-valign-top\"><div class=\"uagb-ifb-content\"><div class=\"uagb-ifb-title-wrap\"><h1 class=\"uagb-ifb-title\">Kontakt<\/h1><\/div><\/div><\/div>\n<\/div><\/div>\n\n\n\n<div class=\"wp-block-uagb-container uagb-block-e0bd635f alignfull uagb-is-root-container\"><div class=\"uagb-container-inner-blocks-wrap\">\n<div class=\"wp-block-uagb-info-box uagb-block-7eb48095 uagb-infobox__content-wrap  uagb-infobox-icon-above-title uagb-infobox-image-valign-top\"><div class=\"uagb-ifb-content\"><div class=\"uagb-ifb-title-wrap\"><h2 class=\"uagb-ifb-title\">Libereck\u00e9 sv\u011btlo<\/h2><\/div><p class=\"uagb-ifb-desc\">M\u00e1te n\u011bjak\u00e9 ot\u00e1zky vztahuj\u00edc\u00ed se k na\u0161emu vzd\u011bl\u00e1vac\u00edmu volno\u010dasov\u00e9mu centru? Jsme tu pro v\u00e1s.<\/p><\/div><\/div>\n\n\n\n<div class=\"wp-block-uagb-container uagb-block-1267975c\">\n<div class=\"wp-block-uagb-container uagb-block-770e94eb\">\n<div class=\"wp-block-uagb-info-box uagb-block-b5231dec uagb-infobox__content-wrap  uagb-infobox-icon-left uagb-infobox-left uagb-infobox-stacked-tablet uagb-infobox-image-valign-top\"><div class=\"uagb-ifb-icon-wrap\"><div class=\"uagb-iconbox-icon-wrap uagb-infobox-shape-circle\"><svg xmlns=\"https:\/\/www.w3.org\/2000\/svg\" viewBox=\"0 0 512 512\"><path d=\"M511.2 387l-23.25 100.8c-3.266 14.25-15.79 24.22-30.46 24.22C205.2 512 0 306.8 0 54.5c0-14.66 9.969-27.2 24.22-30.45l100.8-23.25C139.7-2.602 154.7 5.018 160.8 18.92l46.52 108.5c5.438 12.78 1.77 27.67-8.98 36.45L144.5 207.1c33.98 69.22 90.26 125.5 159.5 159.5l44.08-53.8c8.688-10.78 23.69-14.51 36.47-8.975l108.5 46.51C506.1 357.2 514.6 372.4 511.2 387z\"><\/path><\/svg><\/div><\/div><div class=\"uagb-ifb-content\"><div class=\"uagb-ifb-title-wrap\"><p class=\"uagb-ifb-title\">Telefon<\/p><\/div><p class=\"uagb-ifb-desc\">Jana Kunstov\u00e1<br>+420 733 708 545<\/p><\/div><\/div>\n<\/div>\n\n\n\n<div class=\"wp-block-uagb-container uagb-block-112dd623\">\n<div class=\"wp-block-uagb-info-box uagb-block-a93be861 uagb-infobox__content-wrap  uagb-infobox-icon-left uagb-infobox-left uagb-infobox-stacked-tablet uagb-infobox-image-valign-top\"><div class=\"uagb-ifb-icon-wrap\"><div class=\"uagb-iconbox-icon-wrap uagb-infobox-shape-circle\"><svg xmlns=\"https:\/\/www.w3.org\/2000\/svg\" viewBox=\"0 0 512 512\"><path d=\"M464 64C490.5 64 512 85.49 512 112C512 127.1 504.9 141.3 492.8 150.4L275.2 313.6C263.8 322.1 248.2 322.1 236.8 313.6L19.2 150.4C7.113 141.3 0 127.1 0 112C0 85.49 21.49 64 48 64H464zM217.6 339.2C240.4 356.3 271.6 356.3 294.4 339.2L512 176V384C512 419.3 483.3 448 448 448H64C28.65 448 0 419.3 0 384V176L217.6 339.2z\"><\/path><\/svg><\/div><\/div><div class=\"uagb-ifb-content\"><div class=\"uagb-ifb-title-wrap\"><p class=\"uagb-ifb-title\">E-mail<\/p><\/div><p class=\"uagb-ifb-desc\">jana.kunstova@skolazari.cz<\/p><\/div><\/div>\n<\/div>\n\n\n\n<div class=\"wp-block-uagb-container uagb-block-98792bb7\">\n<div class=\"wp-block-uagb-info-box uagb-block-e8d99974 uagb-infobox__content-wrap  uagb-infobox-icon-left uagb-infobox-left uagb-infobox-stacked-tablet uagb-infobox-image-valign-top\"><div class=\"uagb-ifb-icon-wrap\"><div class=\"uagb-iconbox-icon-wrap uagb-infobox-shape-circle\"><svg xmlns=\"https:\/\/www.w3.org\/2000\/svg\" viewBox=\"0 0 384 512\"><path d=\"M168.3 499.2C116.1 435 0 279.4 0 192C0 85.96 85.96 0 192 0C298 0 384 85.96 384 192C384 279.4 267 435 215.7 499.2C203.4 514.5 180.6 514.5 168.3 499.2H168.3zM192 256C227.3 256 256 227.3 256 192C256 156.7 227.3 128 192 128C156.7 128 128 156.7 128 192C128 227.3 156.7 256 192 256z\"><\/path><\/svg><\/div><\/div><div class=\"uagb-ifb-content\"><div class=\"uagb-ifb-title-wrap\"><p class=\"uagb-ifb-title\">s\u00eddlo<\/p><\/div><p class=\"uagb-ifb-desc\">Mal\u00fd c\u00edp 61<br>460 15 Liberec\u2013Nov\u00fd Harcov<\/p><\/div><\/div>\n<\/div>\n<\/div>\n\n\n\n<p style=\"margin-top:-12px;margin-bottom:-12px;line-height:1.5\"><strong>I\u010cO: <\/strong>06580491<br><strong>\u010c\u00edslo \u00fa\u010dtu: <\/strong>2902959666\/2010<\/p>\n\n\n      \n\t\t\t<div class=\"uagb-icon-wrapper uagb-block-80f36b23      \"\n\t\t\tstyle=\"\" >\n\t\t\t\t\t\t\t\t\t<span class=\"uagb-svg-wrapper\" \n\t\t\t\t\t aria-label=\"facebook-square\"\t\t\t\t\ttabindex=\"0\">\t\t\n\t\t\t\t\t\t\t\t\t\t<a rel=\"noopener noreferrer\" href=\"https:\/\/www.facebook.com\/profile.php?id=61567386495176\" target=\"_self\"><svg xmlns=\"https:\/\/www.w3.org\/2000\/svg\" viewBox= \"0 0 448 512\" role=\"graphics-symbol\" aria-hidden=\"false\" aria-label=\"\"><path d=\"M400 32H48A48 48 0 0 0 0 80v352a48 48 0 0 0 48 48h137.3V327.7h-63V256h63v-54.64c0-62.15 37-96.48 93.67-96.48 27.14 0 55.52 4.84 55.52 4.84v61h-31.27c-30.81 0-40.42 19.12-40.42 38.73V256h68.78l-11 71.69h-57.78V480H400a48 48 0 0 0 48-48V80a48 48 0 0 0 -48-48z\"><\/path><\/svg><\/a>\n\t\t\t\t\t\t\t\t\t<\/span>\n\t\t\t\t\t\t\t<\/div>\n\t\t\t<\/div><\/div>\n\n\n\n<div class=\"wp-block-uagb-container uagb-block-xce6ek3u alignfull uagb-is-root-container\"><div class=\"uagb-container-inner-blocks-wrap\">\n<div class=\"wp-block-uagb-info-box uagb-block-i5fdyhcl uagb-infobox__content-wrap  uagb-infobox-icon-above-title uagb-infobox-image-valign-top\"><div class=\"uagb-ifb-content\"><div class=\"uagb-ifb-title-wrap\"><h2 class=\"uagb-ifb-title\">Mate\u0159sk\u00e1 \u0161kola z\u00e1\u0159\u00ed<\/h2><\/div><p class=\"uagb-ifb-desc\">M\u00e1te dotaz na na\u0161i \u0160kol(k)u? R\u00e1di si popov\u00edd\u00e1me s rodi\u010di i budouc\u00edmi z\u00e1\u0159iv\u00fdmi du\u0161emi.<\/p><\/div><\/div>\n\n\n\n<div class=\"wp-block-uagb-container uagb-block-snffzqm0\">\n<div class=\"wp-block-uagb-container uagb-block-ton1ecay\">\n<div class=\"wp-block-uagb-info-box uagb-block-o3crcnbq uagb-infobox__content-wrap  uagb-infobox-icon-left uagb-infobox-left uagb-infobox-stacked-tablet uagb-infobox-image-valign-top\"><div class=\"uagb-ifb-icon-wrap\"><div class=\"uagb-iconbox-icon-wrap uagb-infobox-shape-circle\"><svg xmlns=\"https:\/\/www.w3.org\/2000\/svg\" viewBox=\"0 0 512 512\"><path d=\"M511.2 387l-23.25 100.8c-3.266 14.25-15.79 24.22-30.46 24.22C205.2 512 0 306.8 0 54.5c0-14.66 9.969-27.2 24.22-30.45l100.8-23.25C139.7-2.602 154.7 5.018 160.8 18.92l46.52 108.5c5.438 12.78 1.77 27.67-8.98 36.45L144.5 207.1c33.98 69.22 90.26 125.5 159.5 159.5l44.08-53.8c8.688-10.78 23.69-14.51 36.47-8.975l108.5 46.51C506.1 357.2 514.6 372.4 511.2 387z\"><\/path><\/svg><\/div><\/div><div class=\"uagb-ifb-content\"><div class=\"uagb-ifb-title-wrap\"><p class=\"uagb-ifb-title\">Telefon<\/p><\/div><p class=\"uagb-ifb-desc\">Omlouv\u00e1n\u00ed d\u011bt\u00ed<br>+420 737 135 206<br>Z\u00e1jem o \u0161kolku <br>Jana Kunstov\u00e1<br>+420 733 708 545<br><\/p><\/div><\/div>\n<\/div>\n\n\n\n<div class=\"wp-block-uagb-container uagb-block-5qvavpjn\">\n<div class=\"wp-block-uagb-info-box uagb-block-xffrw8hs uagb-infobox__content-wrap  uagb-infobox-icon-left uagb-infobox-left uagb-infobox-stacked-tablet uagb-infobox-image-valign-top\"><div class=\"uagb-ifb-icon-wrap\"><div class=\"uagb-iconbox-icon-wrap uagb-infobox-shape-circle\"><svg xmlns=\"https:\/\/www.w3.org\/2000\/svg\" viewBox=\"0 0 512 512\"><path d=\"M464 64C490.5 64 512 85.49 512 112C512 127.1 504.9 141.3 492.8 150.4L275.2 313.6C263.8 322.1 248.2 322.1 236.8 313.6L19.2 150.4C7.113 141.3 0 127.1 0 112C0 85.49 21.49 64 48 64H464zM217.6 339.2C240.4 356.3 271.6 356.3 294.4 339.2L512 176V384C512 419.3 483.3 448 448 448H64C28.65 448 0 419.3 0 384V176L217.6 339.2z\"><\/path><\/svg><\/div><\/div><div class=\"uagb-ifb-content\"><div class=\"uagb-ifb-title-wrap\"><p class=\"uagb-ifb-title\">E-mail<\/p><\/div><p class=\"uagb-ifb-desc\">j.bradacova@skolazari.cz<\/p><\/div><\/div>\n<\/div>\n\n\n\n<div class=\"wp-block-uagb-container uagb-block-orzxurpi\">\n<div class=\"wp-block-uagb-info-box uagb-block-kdnpnsf2 uagb-infobox__content-wrap  uagb-infobox-icon-left uagb-infobox-left uagb-infobox-stacked-tablet uagb-infobox-image-valign-top\"><div class=\"uagb-ifb-icon-wrap\"><div class=\"uagb-iconbox-icon-wrap uagb-infobox-shape-circle\"><svg xmlns=\"https:\/\/www.w3.org\/2000\/svg\" viewBox=\"0 0 384 512\"><path d=\"M168.3 499.2C116.1 435 0 279.4 0 192C0 85.96 85.96 0 192 0C298 0 384 85.96 384 192C384 279.4 267 435 215.7 499.2C203.4 514.5 180.6 514.5 168.3 499.2H168.3zM192 256C227.3 256 256 227.3 256 192C256 156.7 227.3 128 192 128C156.7 128 128 156.7 128 192C128 227.3 156.7 256 192 256z\"><\/path><\/svg><\/div><\/div><div class=\"uagb-ifb-content\"><div class=\"uagb-ifb-title-wrap\"><p class=\"uagb-ifb-title\">Provozovna<\/p><\/div><p class=\"uagb-ifb-desc\">Svobody 298\/112<br>460 15 Liberec\u2013Star\u00fd Harcov<br><br><\/p><\/div><\/div>\n\n\n\n<div class=\"wp-block-uagb-info-box uagb-block-eb11520e uagb-infobox__content-wrap  uagb-infobox-icon-left uagb-infobox-left uagb-infobox-stacked-tablet uagb-infobox-image-valign-top\"><div class=\"uagb-ifb-icon-wrap\"><div class=\"uagb-iconbox-icon-wrap uagb-infobox-shape-circle\"><svg xmlns=\"https:\/\/www.w3.org\/2000\/svg\" viewBox=\"0 0 384 512\"><path d=\"M168.3 499.2C116.1 435 0 279.4 0 192C0 85.96 85.96 0 192 0C298 0 384 85.96 384 192C384 279.4 267 435 215.7 499.2C203.4 514.5 180.6 514.5 168.3 499.2H168.3zM192 256C227.3 256 256 227.3 256 192C256 156.7 227.3 128 192 128C156.7 128 128 156.7 128 192C128 227.3 156.7 256 192 256z\"><\/path><\/svg><\/div><\/div><div class=\"uagb-ifb-content\"><div class=\"uagb-ifb-title-wrap\"><p class=\"uagb-ifb-title\">S\u00cdDLO<\/p><\/div><p class=\"uagb-ifb-desc\">Mal\u00fd c\u00edp 61<br>460 15 Liberec\u2013Star\u00fd Harcov<\/p><\/div><\/div>\n<\/div>\n<\/div>\n\n\n\n<p style=\"margin-top:-12px;margin-bottom:-12px\"><strong>I\u010cO: <\/strong>28689852<br><strong>\u010c\u00edslo \u00fa\u010dtu: <\/strong>3726230247\/2010<\/p>\n\n\n      \n\t\t\t<div class=\"uagb-icon-wrapper uagb-block-e1347274      \"\n\t\t\tstyle=\"\" >\n\t\t\t\t\t\t\t\t\t<span class=\"uagb-svg-wrapper\" \n\t\t\t\t\t aria-label=\"facebook-square\"\t\t\t\t\ttabindex=\"0\">\t\t\n\t\t\t\t\t\t\t\t\t\t<a rel=\"noopener noreferrer\" href=\"https:\/\/www.facebook.com\/materskaskolazari\" target=\"_self\"><svg xmlns=\"https:\/\/www.w3.org\/2000\/svg\" viewBox= \"0 0 448 512\" role=\"graphics-symbol\" aria-hidden=\"false\" aria-label=\"\"><path d=\"M400 32H48A48 48 0 0 0 0 80v352a48 48 0 0 0 48 48h137.3V327.7h-63V256h63v-54.64c0-62.15 37-96.48 93.67-96.48 27.14 0 55.52 4.84 55.52 4.84v61h-31.27c-30.81 0-40.42 19.12-40.42 38.73V256h68.78l-11 71.69h-57.78V480H400a48 48 0 0 0 48-48V80a48 48 0 0 0 -48-48z\"><\/path><\/svg><\/a>\n\t\t\t\t\t\t\t\t\t<\/span>\n\t\t\t\t\t\t\t<\/div>\n\t\t\t<\/div><\/div>\n\n\n\n<p><\/p>\n","protected":false},"excerpt":{"rendered":"<p>I\u010cO: 06580491\u010c\u00edslo \u00fa\u010dtu: 2902959666\/2010 I\u010cO: 28689852\u010c\u00edslo \u00fa\u010dtu: 3726230247\/2010<\/p>\n","protected":false},"author":1,"featured_media":0,"parent":0,"menu_order":0,"comment_status":"closed","ping_status":"closed","template":"","meta":{"_uag_custom_page_level_css":"","site-sidebar-layout":"default","site-content-layout":"","ast-site-content-layout":"","site-content-style":"default","site-sidebar-style":"default","ast-global-header-display":"","ast-banner-title-visibility":"","ast-main-header-display":"","ast-hfb-above-header-display":"","ast-hfb-below-header-display":"","ast-hfb-mobile-header-display":"","site-post-title":"disabled","ast-breadcrumbs-content":"","ast-featured-img":"","footer-sml-layout":"","ast-disable-related-posts":"","theme-transparent-header-meta":"","adv-header-id-meta":"","stick-header-meta":"","header-above-stick-meta":"","header-main-stick-meta":"","header-below-stick-meta":"","astra-migrate-meta-layouts":"default","ast-page-background-enabled":"default","ast-page-background-meta":{"desktop":{"background-color":"var(--ast-global-color-5)","background-image":"","background-repeat":"repeat","background-position":"center center","background-size":"auto","background-attachment":"scroll","background-type":"","background-media":"","overlay-type":"","overlay-color":"","overlay-opacity":"","overlay-gradient":""},"tablet":{"background-color":"","background-image":"","background-repeat":"repeat","background-position":"center center","background-size":"auto","background-attachment":"scroll","background-type":"","background-media":"","overlay-type":"","overlay-color":"","overlay-opacity":"","overlay-gradient":""},"mobile":{"background-color":"","background-image":"","background-repeat":"repeat","background-position":"center center","background-size":"auto","background-attachment":"scroll","background-type":"","background-media":"","overlay-type":"","overlay-color":"","overlay-opacity":"","overlay-gradient":""}},"ast-content-background-meta":{"desktop":{"background-color":"var(--ast-global-color-4)","background-image":"","background-repeat":"repeat","background-position":"center center","background-size":"auto","background-attachment":"scroll","background-type":"","background-media":"","overlay-type":"","overlay-color":"","overlay-opacity":"","overlay-gradient":""},"tablet":{"background-color":"var(--ast-global-color-4)","background-image":"","background-repeat":"repeat","background-position":"center center","background-size":"auto","background-attachment":"scroll","background-type":"","background-media":"","overlay-type":"","overlay-color":"","overlay-opacity":"","overlay-gradient":""},"mobile":{"background-color":"var(--ast-global-color-4)","background-image":"","background-repeat":"repeat","background-position":"center center","background-size":"auto","background-attachment":"scroll","background-type":"","background-media":"","overlay-type":"","overlay-color":"","overlay-opacity":"","overlay-gradient":""}},"footnotes":""},"class_list":["post-80","page","type-page","status-publish","hentry"],"yoast_head":"<!-- This site is optimized with the Yoast SEO plugin v27.3 - https:\/\/yoast.com\/product\/yoast-seo-wordpress\/ -->\n<title>Kontakt - skolazari.cz<\/title>\n<meta name=\"description\" content=\"Informace o Libereck\u00e9m sv\u011btlu, \u0161kolce, \u0161kole a dal\u0161\u00edch aktivit\u00e1ch. Objevte, jak u n\u00e1s d\u011bti rostou s d\u016fv\u011brou a radost\u00ed.\" \/>\n<meta name=\"robots\" content=\"index, follow, max-snippet:-1, max-image-preview:large, max-video-preview:-1\" \/>\n<link rel=\"canonical\" href=\"https:\/\/skolazari.cz\/domu\/kontakt\/\" \/>\n<meta property=\"og:locale\" content=\"cs_CZ\" \/>\n<meta property=\"og:type\" content=\"article\" \/>\n<meta property=\"og:title\" content=\"Kontakt - skolazari.cz\" \/>\n<meta property=\"og:description\" content=\"Informace o Libereck\u00e9m sv\u011btlu, \u0161kolce, \u0161kole a dal\u0161\u00edch aktivit\u00e1ch. Objevte, jak u n\u00e1s d\u011bti rostou s d\u016fv\u011brou a radost\u00ed.\" \/>\n<meta property=\"og:url\" content=\"https:\/\/skolazari.cz\/domu\/kontakt\/\" \/>\n<meta property=\"og:site_name\" content=\"skolazari.cz\" \/>\n<meta property=\"article:publisher\" content=\"https:\/\/www.facebook.com\/profile.php?id=61567386495176\" \/>\n<meta property=\"article:modified_time\" content=\"2026-01-08T15:55:59+00:00\" \/>\n<meta property=\"og:image\" content=\"https:\/\/skolazari.cz\/wp-content\/uploads\/2025\/05\/481209349_122138239202579549_7743479449448263469_n.jpg\" \/>\n\t<meta property=\"og:image:width\" content=\"2048\" \/>\n\t<meta property=\"og:image:height\" content=\"1536\" \/>\n\t<meta property=\"og:image:type\" content=\"image\/jpeg\" \/>\n<meta name=\"twitter:card\" content=\"summary_large_image\" \/>\n<meta name=\"twitter:label1\" content=\"Odhadovan\u00e1 doba \u010dten\u00ed\" \/>\n\t<meta name=\"twitter:data1\" content=\"1 minuta\" \/>\n<script type=\"application\/ld+json\" class=\"yoast-schema-graph\">{\"@context\":\"https:\\\/\\\/schema.org\",\"@graph\":[{\"@type\":\"WebPage\",\"@id\":\"https:\\\/\\\/skolazari.cz\\\/domu\\\/kontakt\\\/\",\"url\":\"https:\\\/\\\/skolazari.cz\\\/domu\\\/kontakt\\\/\",\"name\":\"Kontakt - skolazari.cz\",\"isPartOf\":{\"@id\":\"https:\\\/\\\/skolazari.cz\\\/domu\\\/#website\"},\"datePublished\":\"2025-05-08T11:16:29+00:00\",\"dateModified\":\"2026-01-08T15:55:59+00:00\",\"description\":\"Informace o Libereck\u00e9m sv\u011btlu, \u0161kolce, \u0161kole a dal\u0161\u00edch aktivit\u00e1ch. Objevte, jak u n\u00e1s d\u011bti rostou s d\u016fv\u011brou a radost\u00ed.\",\"breadcrumb\":{\"@id\":\"https:\\\/\\\/skolazari.cz\\\/domu\\\/kontakt\\\/#breadcrumb\"},\"inLanguage\":\"cs\",\"potentialAction\":[{\"@type\":\"ReadAction\",\"target\":[\"https:\\\/\\\/skolazari.cz\\\/domu\\\/kontakt\\\/\"]}]},{\"@type\":\"BreadcrumbList\",\"@id\":\"https:\\\/\\\/skolazari.cz\\\/domu\\\/kontakt\\\/#breadcrumb\",\"itemListElement\":[{\"@type\":\"ListItem\",\"position\":1,\"name\":\"Dom\u016f\",\"item\":\"https:\\\/\\\/skolazari.cz\\\/domu\\\/\"},{\"@type\":\"ListItem\",\"position\":2,\"name\":\"Kontakt\"}]},{\"@type\":\"WebSite\",\"@id\":\"https:\\\/\\\/skolazari.cz\\\/domu\\\/#website\",\"url\":\"https:\\\/\\\/skolazari.cz\\\/domu\\\/\",\"name\":\"Libereck\u00e9 sv\u011btlo | Jsme vzd\u011bl\u00e1vac\u00ed volno\u010dasov\u00e9 centrum spojuj\u00edc\u00ed lidi nap\u0159\u00ed\u010d generacemi\",\"description\":\"Tvo\u0159\u00edme m\u00edsto, kde d\u011bti z\u00e1\u0159\u00ed p\u0159irozen\u011b.\",\"publisher\":{\"@id\":\"https:\\\/\\\/skolazari.cz\\\/domu\\\/#organization\"},\"alternateName\":\"Libereck\u00e9 sv\u011btlo | Jsme vzd\u011bl\u00e1vac\u00ed volno\u010dasov\u00e9 centrum spojuj\u00edc\u00ed lidi nap\u0159\u00ed\u010d generacemi\",\"potentialAction\":[{\"@type\":\"SearchAction\",\"target\":{\"@type\":\"EntryPoint\",\"urlTemplate\":\"https:\\\/\\\/skolazari.cz\\\/domu\\\/?s={search_term_string}\"},\"query-input\":{\"@type\":\"PropertyValueSpecification\",\"valueRequired\":true,\"valueName\":\"search_term_string\"}}],\"inLanguage\":\"cs\"},{\"@type\":\"Organization\",\"@id\":\"https:\\\/\\\/skolazari.cz\\\/domu\\\/#organization\",\"name\":\"Libereck\u00e9 sv\u011btlo | Jsme vzd\u011bl\u00e1vac\u00ed volno\u010dasov\u00e9 centrum spojuj\u00edc\u00ed lidi nap\u0159\u00ed\u010d generacemi\",\"alternateName\":\"Libereck\u00e9 sv\u011btlo | Jsme vzd\u011bl\u00e1vac\u00ed volno\u010dasov\u00e9 centrum spojuj\u00edc\u00ed lidi nap\u0159\u00ed\u010d generacemi\",\"url\":\"https:\\\/\\\/skolazari.cz\\\/domu\\\/\",\"logo\":{\"@type\":\"ImageObject\",\"inLanguage\":\"cs\",\"@id\":\"https:\\\/\\\/skolazari.cz\\\/domu\\\/#\\\/schema\\\/logo\\\/image\\\/\",\"url\":\"\",\"contentUrl\":\"\",\"caption\":\"Libereck\u00e9 sv\u011btlo | Jsme vzd\u011bl\u00e1vac\u00ed volno\u010dasov\u00e9 centrum spojuj\u00edc\u00ed lidi nap\u0159\u00ed\u010d generacemi\"},\"image\":{\"@id\":\"https:\\\/\\\/skolazari.cz\\\/domu\\\/#\\\/schema\\\/logo\\\/image\\\/\"},\"sameAs\":[\"https:\\\/\\\/www.facebook.com\\\/profile.php?id=61567386495176\"]}]}<\/script>\n<!-- \/ Yoast SEO plugin. -->","yoast_head_json":{"title":"Kontakt - skolazari.cz","description":"Informace o Libereck\u00e9m sv\u011btlu, \u0161kolce, \u0161kole a dal\u0161\u00edch aktivit\u00e1ch. Objevte, jak u n\u00e1s d\u011bti rostou s d\u016fv\u011brou a radost\u00ed.","robots":{"index":"index","follow":"follow","max-snippet":"max-snippet:-1","max-image-preview":"max-image-preview:large","max-video-preview":"max-video-preview:-1"},"canonical":"https:\/\/skolazari.cz\/domu\/kontakt\/","og_locale":"cs_CZ","og_type":"article","og_title":"Kontakt - skolazari.cz","og_description":"Informace o Libereck\u00e9m sv\u011btlu, \u0161kolce, \u0161kole a dal\u0161\u00edch aktivit\u00e1ch. Objevte, jak u n\u00e1s d\u011bti rostou s d\u016fv\u011brou a radost\u00ed.","og_url":"https:\/\/skolazari.cz\/domu\/kontakt\/","og_site_name":"skolazari.cz","article_publisher":"https:\/\/www.facebook.com\/profile.php?id=61567386495176","article_modified_time":"2026-01-08T15:55:59+00:00","og_image":[{"width":2048,"height":1536,"url":"https:\/\/skolazari.cz\/wp-content\/uploads\/2025\/05\/481209349_122138239202579549_7743479449448263469_n.jpg","type":"image\/jpeg"}],"twitter_card":"summary_large_image","twitter_misc":{"Odhadovan\u00e1 doba \u010dten\u00ed":"1 minuta"},"schema":{"@context":"https:\/\/schema.org","@graph":[{"@type":"WebPage","@id":"https:\/\/skolazari.cz\/domu\/kontakt\/","url":"https:\/\/skolazari.cz\/domu\/kontakt\/","name":"Kontakt - skolazari.cz","isPartOf":{"@id":"https:\/\/skolazari.cz\/domu\/#website"},"datePublished":"2025-05-08T11:16:29+00:00","dateModified":"2026-01-08T15:55:59+00:00","description":"Informace o Libereck\u00e9m sv\u011btlu, \u0161kolce, \u0161kole a dal\u0161\u00edch aktivit\u00e1ch. Objevte, jak u n\u00e1s d\u011bti rostou s d\u016fv\u011brou a radost\u00ed.","breadcrumb":{"@id":"https:\/\/skolazari.cz\/domu\/kontakt\/#breadcrumb"},"inLanguage":"cs","potentialAction":[{"@type":"ReadAction","target":["https:\/\/skolazari.cz\/domu\/kontakt\/"]}]},{"@type":"BreadcrumbList","@id":"https:\/\/skolazari.cz\/domu\/kontakt\/#breadcrumb","itemListElement":[{"@type":"ListItem","position":1,"name":"Dom\u016f","item":"https:\/\/skolazari.cz\/domu\/"},{"@type":"ListItem","position":2,"name":"Kontakt"}]},{"@type":"WebSite","@id":"https:\/\/skolazari.cz\/domu\/#website","url":"https:\/\/skolazari.cz\/domu\/","name":"Libereck\u00e9 sv\u011btlo | Jsme vzd\u011bl\u00e1vac\u00ed volno\u010dasov\u00e9 centrum spojuj\u00edc\u00ed lidi nap\u0159\u00ed\u010d generacemi","description":"Tvo\u0159\u00edme m\u00edsto, kde d\u011bti z\u00e1\u0159\u00ed p\u0159irozen\u011b.","publisher":{"@id":"https:\/\/skolazari.cz\/domu\/#organization"},"alternateName":"Libereck\u00e9 sv\u011btlo | Jsme vzd\u011bl\u00e1vac\u00ed volno\u010dasov\u00e9 centrum spojuj\u00edc\u00ed lidi nap\u0159\u00ed\u010d generacemi","potentialAction":[{"@type":"SearchAction","target":{"@type":"EntryPoint","urlTemplate":"https:\/\/skolazari.cz\/domu\/?s={search_term_string}"},"query-input":{"@type":"PropertyValueSpecification","valueRequired":true,"valueName":"search_term_string"}}],"inLanguage":"cs"},{"@type":"Organization","@id":"https:\/\/skolazari.cz\/domu\/#organization","name":"Libereck\u00e9 sv\u011btlo | Jsme vzd\u011bl\u00e1vac\u00ed volno\u010dasov\u00e9 centrum spojuj\u00edc\u00ed lidi nap\u0159\u00ed\u010d generacemi","alternateName":"Libereck\u00e9 sv\u011btlo | Jsme vzd\u011bl\u00e1vac\u00ed volno\u010dasov\u00e9 centrum spojuj\u00edc\u00ed lidi nap\u0159\u00ed\u010d generacemi","url":"https:\/\/skolazari.cz\/domu\/","logo":{"@type":"ImageObject","inLanguage":"cs","@id":"https:\/\/skolazari.cz\/domu\/#\/schema\/logo\/image\/","url":"","contentUrl":"","caption":"Libereck\u00e9 sv\u011btlo | Jsme vzd\u011bl\u00e1vac\u00ed volno\u010dasov\u00e9 centrum spojuj\u00edc\u00ed lidi nap\u0159\u00ed\u010d generacemi"},"image":{"@id":"https:\/\/skolazari.cz\/domu\/#\/schema\/logo\/image\/"},"sameAs":["https:\/\/www.facebook.com\/profile.php?id=61567386495176"]}]}},"uagb_featured_image_src":{"full":false,"thumbnail":false,"medium":false,"medium_large":false,"large":false,"1536x1536":false,"2048x2048":false},"uagb_author_info":{"display_name":"skolazari","author_link":"https:\/\/skolazari.cz\/domu\/author\/skolazari\/"},"uagb_comment_info":0,"uagb_excerpt":"I\u010cO: 06580491\u010c\u00edslo \u00fa\u010dtu: 2902959666\/2010 I\u010cO: 28689852\u010c\u00edslo \u00fa\u010dtu: 3726230247\/2010","_links":{"self":[{"href":"https:\/\/skolazari.cz\/domu\/wp-json\/wp\/v2\/pages\/80","targetHints":{"allow":["GET"]}}],"collection":[{"href":"https:\/\/skolazari.cz\/domu\/wp-json\/wp\/v2\/pages"}],"about":[{"href":"https:\/\/skolazari.cz\/domu\/wp-json\/wp\/v2\/types\/page"}],"author":[{"embeddable":true,"href":"https:\/\/skolazari.cz\/domu\/wp-json\/wp\/v2\/users\/1"}],"replies":[{"embeddable":true,"href":"https:\/\/skolazari.cz\/domu\/wp-json\/wp\/v2\/comments?post=80"}],"version-history":[{"count":70,"href":"https:\/\/skolazari.cz\/domu\/wp-json\/wp\/v2\/pages\/80\/revisions"}],"predecessor-version":[{"id":917,"href":"https:\/\/skolazari.cz\/domu\/wp-json\/wp\/v2\/pages\/80\/revisions\/917"}],"wp:attachment":[{"href":"https:\/\/skolazari.cz\/domu\/wp-json\/wp\/v2\/media?parent=80"}],"curies":[{"name":"wp","href":"https:\/\/api.w.org\/{rel}","templated":true}]}}