{"id":861,"date":"2025-06-30T17:51:09","date_gmt":"2025-06-30T17:51:09","guid":{"rendered":"https:\/\/skolazari.cz\/?page_id=861"},"modified":"2025-06-30T19:16:30","modified_gmt":"2025-06-30T19:16:30","slug":"videa","status":"publish","type":"page","link":"https:\/\/skolazari.cz\/domu\/videa\/","title":{"rendered":"Videa"},"content":{"rendered":"\n<div class=\"wp-block-uagb-container uagb-block-rkdld3mw alignfull uagb-is-root-container\"><div class=\"uagb-container-inner-blocks-wrap\">\n<div class=\"wp-block-uagb-info-box uagb-block-0douoitc uagb-infobox__content-wrap  uagb-infobox-icon-above-title uagb-infobox-image-valign-top\"><div class=\"uagb-ifb-content\"><div class=\"uagb-ifb-title-wrap\"><h1 class=\"uagb-ifb-title\">Videa<\/h1><\/div><\/div><\/div>\n<\/div><\/div>\n\n\n\n<p><\/p>\n\n\n\n<div class=\"wp-block-uagb-advanced-heading uagb-block-ff2c0407\"><h2 class=\"uagb-heading-text\">Inspirativn\u00ed rozhovory<\/h2><\/div>\n\n\n\n<div style=\"height:11px\" aria-hidden=\"true\" class=\"wp-block-spacer\"><\/div>\n\n\n\n<p>Objevte rozhovory s pr\u016fvodci, rodi\u010di i p\u0159\u00e1teli \u0161koly o dom\u00e1c\u00edm a alternativn\u00edm vzd\u011bl\u00e1v\u00e1n\u00ed, o \u017eivotn\u00edch cest\u00e1ch i svobodn\u00e9m u\u010den\u00ed. Sd\u00edl\u00edme zku\u0161enosti, p\u0159\u00edb\u011bhy a my\u0161lenky, kter\u00e9 mohou inspirovat na va\u0161\u00ed vlastn\u00ed cest\u011b.<\/p>\n\n\n\n<div class=\"wp-block-uagb-container uagb-block-44d61ab0 alignfull uagb-is-root-container\"><div class=\"uagb-container-inner-blocks-wrap\">\n<div class=\"wp-block-uagb-container uagb-block-7b9f8d6b\">\n<figure class=\"wp-block-embed is-type-video is-provider-youtube wp-block-embed-youtube wp-embed-aspect-16-9 wp-has-aspect-ratio\"><div class=\"wp-block-embed__wrapper\">\n<iframe loading=\"lazy\" title=\"Pov\u00edd\u00e1n\u00ed z Jurty 1. d\u00edl (Jana a Jana)\" width=\"500\" height=\"281\" src=\"https:\/\/www.youtube.com\/embed\/CwGrbiFL1-o?feature=oembed\" frameborder=\"0\" allow=\"accelerometer; autoplay; clipboard-write; encrypted-media; gyroscope; picture-in-picture; web-share\" referrerpolicy=\"strict-origin-when-cross-origin\" allowfullscreen><\/iframe>\n<\/div><\/figure>\n<\/div>\n\n\n\n<div class=\"wp-block-uagb-container uagb-block-18414a99\">\n<p><strong>Pov\u00edd\u00e1n\u00ed z Jurty 1. d\u00edl (Jana a Jana)<\/strong><br><br>V tomto inspirativn\u00edm rozhovoru si dv\u011b zakladatelky dom\u00e1c\u00ed \u0161koly pov\u00eddaj\u00ed o tom, jak p\u0159istupuj\u00ed k alternativn\u00edmu vzd\u011bl\u00e1v\u00e1n\u00ed a co pro n\u011b znamen\u00e1 doprov\u00e1zet d\u011bti na jejich vlastn\u00ed cest\u011b.<\/p>\n<\/div>\n<\/div><\/div>\n\n\n\n<div class=\"wp-block-uagb-container uagb-block-944093c0 alignfull uagb-is-root-container\"><div class=\"uagb-container-inner-blocks-wrap\">\n<div class=\"wp-block-uagb-container uagb-block-a55b9c22\">\n<figure class=\"wp-block-embed is-type-video is-provider-youtube wp-block-embed-youtube wp-embed-aspect-16-9 wp-has-aspect-ratio\"><div class=\"wp-block-embed__wrapper\">\n<iframe loading=\"lazy\" title=\"Pov\u00edd\u00e1n\u00ed z Jurty 2. d\u00edl (Jana a Ka\u010dka)\" width=\"500\" height=\"281\" src=\"https:\/\/www.youtube.com\/embed\/PxX7rNvDwCA?feature=oembed\" frameborder=\"0\" allow=\"accelerometer; autoplay; clipboard-write; encrypted-media; gyroscope; picture-in-picture; web-share\" referrerpolicy=\"strict-origin-when-cross-origin\" allowfullscreen><\/iframe>\n<\/div><\/figure>\n<\/div>\n\n\n\n<div class=\"wp-block-uagb-container uagb-block-713df118\">\n<p><strong>Pov\u00edd\u00e1n\u00ed z Jurty 2. d\u00edl (Jana a Ka\u010dka)<\/strong><br><br>Pod\u00edv\u00e1me se na zku\u0161enosti Ka\u010dky, kter\u00e1 pracuje v alternativn\u00ed \u0161kole. Dozv\u00edte se, co ji na t\u00e9to pr\u00e1ci nejv\u00edce bav\u00ed, jak\u00fd p\u0159\u00edstup ke vzd\u011bl\u00e1v\u00e1n\u00ed j\u00ed d\u00e1v\u00e1 smysl a jak\u00e9 hlavn\u00ed p\u0159\u00ednosy vn\u00edm\u00e1 pro d\u011bti.<\/p>\n<\/div>\n<\/div><\/div>\n\n\n\n<div class=\"wp-block-uagb-container uagb-block-59bfc9e5 alignfull uagb-is-root-container\"><div class=\"uagb-container-inner-blocks-wrap\">\n<div class=\"wp-block-uagb-container uagb-block-beeac355\">\n<figure class=\"wp-block-embed is-type-video is-provider-youtube wp-block-embed-youtube wp-embed-aspect-16-9 wp-has-aspect-ratio\"><div class=\"wp-block-embed__wrapper\">\n<iframe loading=\"lazy\" title=\"Pov\u00edd\u00e1n\u00ed z Jurty 3. d\u00edl (Jana, Jana, Eli\u0161ka a Milan)\" width=\"500\" height=\"281\" src=\"https:\/\/www.youtube.com\/embed\/k-aa7TI5774?feature=oembed\" frameborder=\"0\" allow=\"accelerometer; autoplay; clipboard-write; encrypted-media; gyroscope; picture-in-picture; web-share\" referrerpolicy=\"strict-origin-when-cross-origin\" allowfullscreen><\/iframe>\n<\/div><\/figure>\n<\/div>\n\n\n\n<div class=\"wp-block-uagb-container uagb-block-231e16b3\">\n<p><strong>Pov\u00edd\u00e1n\u00ed z Jurty 3. d\u00edl (Jana, Jana, Eli\u0161ka a Milan)<\/strong><br><br>Pov\u00edd\u00e1me si o tom, jak\u00fd vliv m\u00e1 n\u00e1\u0161 p\u0159\u00edstup na d\u011bti \u2013 jak rozv\u00edj\u00ed jejich zodpov\u011bdnost, vnit\u0159n\u00ed motivaci a v\u011bdom\u00e9 vn\u00edm\u00e1n\u00ed sv\u011bta.<\/p>\n<\/div>\n<\/div><\/div>\n\n\n\n<div class=\"wp-block-uagb-container uagb-block-708ccca0 alignfull uagb-is-root-container\"><div class=\"uagb-container-inner-blocks-wrap\">\n<div class=\"wp-block-uagb-container uagb-block-178d3142\">\n<figure class=\"wp-block-embed is-type-video is-provider-youtube wp-block-embed-youtube wp-embed-aspect-16-9 wp-has-aspect-ratio\"><div class=\"wp-block-embed__wrapper\">\n<iframe loading=\"lazy\" title=\"Pov\u00edd\u00e1n\u00ed z Jurty 4. d\u00edl (Jana a Eli\u0161ka)\" width=\"500\" height=\"281\" src=\"https:\/\/www.youtube.com\/embed\/iamp_yQmC6A?feature=oembed\" frameborder=\"0\" allow=\"accelerometer; autoplay; clipboard-write; encrypted-media; gyroscope; picture-in-picture; web-share\" referrerpolicy=\"strict-origin-when-cross-origin\" allowfullscreen><\/iframe>\n<\/div><\/figure>\n<\/div>\n\n\n\n<div class=\"wp-block-uagb-container uagb-block-9d906449\">\n<p><strong>Pov\u00edd\u00e1n\u00ed z Jurty 4. d\u00edl (Jana a Eli\u0161ka)<\/strong><br><br>Pov\u00edd\u00e1me si s Eli\u0161kou o jej\u00edm pohledu na alternativn\u00ed vzd\u011bl\u00e1v\u00e1n\u00ed \u2013 co ji k n\u011bmu p\u0159ivedlo, jak\u00e9 jsou jej\u00ed zku\u0161enosti jako rodi\u010de a pro\u010d se rozhodla pro jinou cestu ne\u017e tradi\u010dn\u00ed \u0161kolstv\u00ed.<\/p>\n<\/div>\n<\/div><\/div>\n\n\n\n<p><\/p>\n","protected":false},"excerpt":{"rendered":"<p>Inspirativn\u00ed rozhovory Objevte rozhovory s pr\u016fvodci, rodi\u010di i p\u0159\u00e1teli \u0161koly o dom\u00e1c\u00edm a alternativn\u00edm vzd\u011bl\u00e1v\u00e1n\u00ed, o \u017eivotn\u00edch cest\u00e1ch i svobodn\u00e9m [&hellip;]<\/p>\n","protected":false},"author":1,"featured_media":0,"parent":0,"menu_order":0,"comment_status":"closed","ping_status":"closed","template":"","meta":{"_uag_custom_page_level_css":"","site-sidebar-layout":"default","site-content-layout":"","ast-site-content-layout":"","site-content-style":"default","site-sidebar-style":"default","ast-global-header-display":"","ast-banner-title-visibility":"","ast-main-header-display":"","ast-hfb-above-header-display":"","ast-hfb-below-header-display":"","ast-hfb-mobile-header-display":"","site-post-title":"disabled","ast-breadcrumbs-content":"","ast-featured-img":"","footer-sml-layout":"","ast-disable-related-posts":"","theme-transparent-header-meta":"","adv-header-id-meta":"","stick-header-meta":"","header-above-stick-meta":"","header-main-stick-meta":"","header-below-stick-meta":"","astra-migrate-meta-layouts":"default","ast-page-background-enabled":"default","ast-page-background-meta":{"desktop":{"background-color":"var(--ast-global-color-5)","background-image":"","background-repeat":"repeat","background-position":"center center","background-size":"auto","background-attachment":"scroll","background-type":"","background-media":"","overlay-type":"","overlay-color":"","overlay-opacity":"","overlay-gradient":""},"tablet":{"background-color":"","background-image":"","background-repeat":"repeat","background-position":"center center","background-size":"auto","background-attachment":"scroll","background-type":"","background-media":"","overlay-type":"","overlay-color":"","overlay-opacity":"","overlay-gradient":""},"mobile":{"background-color":"","background-image":"","background-repeat":"repeat","background-position":"center center","background-size":"auto","background-attachment":"scroll","background-type":"","background-media":"","overlay-type":"","overlay-color":"","overlay-opacity":"","overlay-gradient":""}},"ast-content-background-meta":{"desktop":{"background-color":"var(--ast-global-color-4)","background-image":"","background-repeat":"repeat","background-position":"center center","background-size":"auto","background-attachment":"scroll","background-type":"","background-media":"","overlay-type":"","overlay-color":"","overlay-opacity":"","overlay-gradient":""},"tablet":{"background-color":"var(--ast-global-color-4)","background-image":"","background-repeat":"repeat","background-position":"center center","background-size":"auto","background-attachment":"scroll","background-type":"","background-media":"","overlay-type":"","overlay-color":"","overlay-opacity":"","overlay-gradient":""},"mobile":{"background-color":"var(--ast-global-color-4)","background-image":"","background-repeat":"repeat","background-position":"center center","background-size":"auto","background-attachment":"scroll","background-type":"","background-media":"","overlay-type":"","overlay-color":"","overlay-opacity":"","overlay-gradient":""}},"footnotes":""},"class_list":["post-861","page","type-page","status-publish","hentry"],"yoast_head":"<!-- This site is optimized with the Yoast SEO plugin v27.3 - https:\/\/yoast.com\/product\/yoast-seo-wordpress\/ -->\n<title>Videa - skolazari.cz<\/title>\n<meta name=\"description\" content=\"Objevte rozhovory s pr\u016fvodci, rodi\u010di i p\u0159\u00e1teli \u0161koly o dom\u00e1c\u00edm a alternativn\u00edm vzd\u011bl\u00e1v\u00e1n\u00ed, o \u017eivotn\u00edch cest\u00e1ch i svobodn\u00e9m u\u010den\u00ed.\" \/>\n<meta name=\"robots\" content=\"index, follow, max-snippet:-1, max-image-preview:large, max-video-preview:-1\" \/>\n<link rel=\"canonical\" href=\"https:\/\/skolazari.cz\/domu\/videa\/\" \/>\n<meta property=\"og:locale\" content=\"cs_CZ\" \/>\n<meta property=\"og:type\" content=\"article\" \/>\n<meta property=\"og:title\" content=\"Videa - skolazari.cz\" \/>\n<meta property=\"og:description\" content=\"Objevte rozhovory s pr\u016fvodci, rodi\u010di i p\u0159\u00e1teli \u0161koly o dom\u00e1c\u00edm a alternativn\u00edm vzd\u011bl\u00e1v\u00e1n\u00ed, o \u017eivotn\u00edch cest\u00e1ch i svobodn\u00e9m u\u010den\u00ed.\" \/>\n<meta property=\"og:url\" content=\"https:\/\/skolazari.cz\/domu\/videa\/\" \/>\n<meta property=\"og:site_name\" content=\"skolazari.cz\" \/>\n<meta property=\"article:publisher\" content=\"https:\/\/www.facebook.com\/profile.php?id=61567386495176\" \/>\n<meta property=\"article:modified_time\" content=\"2025-06-30T19:16:30+00:00\" \/>\n<meta property=\"og:image\" content=\"https:\/\/skolazari.cz\/wp-content\/uploads\/2025\/05\/481209349_122138239202579549_7743479449448263469_n.jpg\" \/>\n\t<meta property=\"og:image:width\" content=\"2048\" \/>\n\t<meta property=\"og:image:height\" content=\"1536\" \/>\n\t<meta property=\"og:image:type\" content=\"image\/jpeg\" \/>\n<meta name=\"twitter:card\" content=\"summary_large_image\" \/>\n<meta name=\"twitter:label1\" content=\"Odhadovan\u00e1 doba \u010dten\u00ed\" \/>\n\t<meta name=\"twitter:data1\" content=\"2 minuty\" \/>\n<script type=\"application\/ld+json\" class=\"yoast-schema-graph\">{\"@context\":\"https:\\\/\\\/schema.org\",\"@graph\":[{\"@type\":\"WebPage\",\"@id\":\"https:\\\/\\\/skolazari.cz\\\/domu\\\/videa\\\/\",\"url\":\"https:\\\/\\\/skolazari.cz\\\/domu\\\/videa\\\/\",\"name\":\"Videa - skolazari.cz\",\"isPartOf\":{\"@id\":\"https:\\\/\\\/skolazari.cz\\\/domu\\\/#website\"},\"datePublished\":\"2025-06-30T17:51:09+00:00\",\"dateModified\":\"2025-06-30T19:16:30+00:00\",\"description\":\"Objevte rozhovory s pr\u016fvodci, rodi\u010di i p\u0159\u00e1teli \u0161koly o dom\u00e1c\u00edm a alternativn\u00edm vzd\u011bl\u00e1v\u00e1n\u00ed, o \u017eivotn\u00edch cest\u00e1ch i svobodn\u00e9m u\u010den\u00ed.\",\"breadcrumb\":{\"@id\":\"https:\\\/\\\/skolazari.cz\\\/domu\\\/videa\\\/#breadcrumb\"},\"inLanguage\":\"cs\",\"potentialAction\":[{\"@type\":\"ReadAction\",\"target\":[\"https:\\\/\\\/skolazari.cz\\\/domu\\\/videa\\\/\"]}]},{\"@type\":\"BreadcrumbList\",\"@id\":\"https:\\\/\\\/skolazari.cz\\\/domu\\\/videa\\\/#breadcrumb\",\"itemListElement\":[{\"@type\":\"ListItem\",\"position\":1,\"name\":\"Dom\u016f\",\"item\":\"https:\\\/\\\/skolazari.cz\\\/domu\\\/\"},{\"@type\":\"ListItem\",\"position\":2,\"name\":\"Videa\"}]},{\"@type\":\"WebSite\",\"@id\":\"https:\\\/\\\/skolazari.cz\\\/domu\\\/#website\",\"url\":\"https:\\\/\\\/skolazari.cz\\\/domu\\\/\",\"name\":\"Libereck\u00e9 sv\u011btlo | Jsme vzd\u011bl\u00e1vac\u00ed volno\u010dasov\u00e9 centrum spojuj\u00edc\u00ed lidi nap\u0159\u00ed\u010d generacemi\",\"description\":\"Tvo\u0159\u00edme m\u00edsto, kde d\u011bti z\u00e1\u0159\u00ed p\u0159irozen\u011b.\",\"publisher\":{\"@id\":\"https:\\\/\\\/skolazari.cz\\\/domu\\\/#organization\"},\"alternateName\":\"Libereck\u00e9 sv\u011btlo | Jsme vzd\u011bl\u00e1vac\u00ed volno\u010dasov\u00e9 centrum spojuj\u00edc\u00ed lidi nap\u0159\u00ed\u010d generacemi\",\"potentialAction\":[{\"@type\":\"SearchAction\",\"target\":{\"@type\":\"EntryPoint\",\"urlTemplate\":\"https:\\\/\\\/skolazari.cz\\\/domu\\\/?s={search_term_string}\"},\"query-input\":{\"@type\":\"PropertyValueSpecification\",\"valueRequired\":true,\"valueName\":\"search_term_string\"}}],\"inLanguage\":\"cs\"},{\"@type\":\"Organization\",\"@id\":\"https:\\\/\\\/skolazari.cz\\\/domu\\\/#organization\",\"name\":\"Libereck\u00e9 sv\u011btlo | Jsme vzd\u011bl\u00e1vac\u00ed volno\u010dasov\u00e9 centrum spojuj\u00edc\u00ed lidi nap\u0159\u00ed\u010d generacemi\",\"alternateName\":\"Libereck\u00e9 sv\u011btlo | Jsme vzd\u011bl\u00e1vac\u00ed volno\u010dasov\u00e9 centrum spojuj\u00edc\u00ed lidi nap\u0159\u00ed\u010d generacemi\",\"url\":\"https:\\\/\\\/skolazari.cz\\\/domu\\\/\",\"logo\":{\"@type\":\"ImageObject\",\"inLanguage\":\"cs\",\"@id\":\"https:\\\/\\\/skolazari.cz\\\/domu\\\/#\\\/schema\\\/logo\\\/image\\\/\",\"url\":\"\",\"contentUrl\":\"\",\"caption\":\"Libereck\u00e9 sv\u011btlo | Jsme vzd\u011bl\u00e1vac\u00ed volno\u010dasov\u00e9 centrum spojuj\u00edc\u00ed lidi nap\u0159\u00ed\u010d generacemi\"},\"image\":{\"@id\":\"https:\\\/\\\/skolazari.cz\\\/domu\\\/#\\\/schema\\\/logo\\\/image\\\/\"},\"sameAs\":[\"https:\\\/\\\/www.facebook.com\\\/profile.php?id=61567386495176\"]}]}<\/script>\n<!-- \/ Yoast SEO plugin. -->","yoast_head_json":{"title":"Videa - skolazari.cz","description":"Objevte rozhovory s pr\u016fvodci, rodi\u010di i p\u0159\u00e1teli \u0161koly o dom\u00e1c\u00edm a alternativn\u00edm vzd\u011bl\u00e1v\u00e1n\u00ed, o \u017eivotn\u00edch cest\u00e1ch i svobodn\u00e9m u\u010den\u00ed.","robots":{"index":"index","follow":"follow","max-snippet":"max-snippet:-1","max-image-preview":"max-image-preview:large","max-video-preview":"max-video-preview:-1"},"canonical":"https:\/\/skolazari.cz\/domu\/videa\/","og_locale":"cs_CZ","og_type":"article","og_title":"Videa - skolazari.cz","og_description":"Objevte rozhovory s pr\u016fvodci, rodi\u010di i p\u0159\u00e1teli \u0161koly o dom\u00e1c\u00edm a alternativn\u00edm vzd\u011bl\u00e1v\u00e1n\u00ed, o \u017eivotn\u00edch cest\u00e1ch i svobodn\u00e9m u\u010den\u00ed.","og_url":"https:\/\/skolazari.cz\/domu\/videa\/","og_site_name":"skolazari.cz","article_publisher":"https:\/\/www.facebook.com\/profile.php?id=61567386495176","article_modified_time":"2025-06-30T19:16:30+00:00","og_image":[{"width":2048,"height":1536,"url":"https:\/\/skolazari.cz\/wp-content\/uploads\/2025\/05\/481209349_122138239202579549_7743479449448263469_n.jpg","type":"image\/jpeg"}],"twitter_card":"summary_large_image","twitter_misc":{"Odhadovan\u00e1 doba \u010dten\u00ed":"2 minuty"},"schema":{"@context":"https:\/\/schema.org","@graph":[{"@type":"WebPage","@id":"https:\/\/skolazari.cz\/domu\/videa\/","url":"https:\/\/skolazari.cz\/domu\/videa\/","name":"Videa - skolazari.cz","isPartOf":{"@id":"https:\/\/skolazari.cz\/domu\/#website"},"datePublished":"2025-06-30T17:51:09+00:00","dateModified":"2025-06-30T19:16:30+00:00","description":"Objevte rozhovory s pr\u016fvodci, rodi\u010di i p\u0159\u00e1teli \u0161koly o dom\u00e1c\u00edm a alternativn\u00edm vzd\u011bl\u00e1v\u00e1n\u00ed, o \u017eivotn\u00edch cest\u00e1ch i svobodn\u00e9m u\u010den\u00ed.","breadcrumb":{"@id":"https:\/\/skolazari.cz\/domu\/videa\/#breadcrumb"},"inLanguage":"cs","potentialAction":[{"@type":"ReadAction","target":["https:\/\/skolazari.cz\/domu\/videa\/"]}]},{"@type":"BreadcrumbList","@id":"https:\/\/skolazari.cz\/domu\/videa\/#breadcrumb","itemListElement":[{"@type":"ListItem","position":1,"name":"Dom\u016f","item":"https:\/\/skolazari.cz\/domu\/"},{"@type":"ListItem","position":2,"name":"Videa"}]},{"@type":"WebSite","@id":"https:\/\/skolazari.cz\/domu\/#website","url":"https:\/\/skolazari.cz\/domu\/","name":"Libereck\u00e9 sv\u011btlo | Jsme vzd\u011bl\u00e1vac\u00ed volno\u010dasov\u00e9 centrum spojuj\u00edc\u00ed lidi nap\u0159\u00ed\u010d generacemi","description":"Tvo\u0159\u00edme m\u00edsto, kde d\u011bti z\u00e1\u0159\u00ed p\u0159irozen\u011b.","publisher":{"@id":"https:\/\/skolazari.cz\/domu\/#organization"},"alternateName":"Libereck\u00e9 sv\u011btlo | Jsme vzd\u011bl\u00e1vac\u00ed volno\u010dasov\u00e9 centrum spojuj\u00edc\u00ed lidi nap\u0159\u00ed\u010d generacemi","potentialAction":[{"@type":"SearchAction","target":{"@type":"EntryPoint","urlTemplate":"https:\/\/skolazari.cz\/domu\/?s={search_term_string}"},"query-input":{"@type":"PropertyValueSpecification","valueRequired":true,"valueName":"search_term_string"}}],"inLanguage":"cs"},{"@type":"Organization","@id":"https:\/\/skolazari.cz\/domu\/#organization","name":"Libereck\u00e9 sv\u011btlo | Jsme vzd\u011bl\u00e1vac\u00ed volno\u010dasov\u00e9 centrum spojuj\u00edc\u00ed lidi nap\u0159\u00ed\u010d generacemi","alternateName":"Libereck\u00e9 sv\u011btlo | Jsme vzd\u011bl\u00e1vac\u00ed volno\u010dasov\u00e9 centrum spojuj\u00edc\u00ed lidi nap\u0159\u00ed\u010d generacemi","url":"https:\/\/skolazari.cz\/domu\/","logo":{"@type":"ImageObject","inLanguage":"cs","@id":"https:\/\/skolazari.cz\/domu\/#\/schema\/logo\/image\/","url":"","contentUrl":"","caption":"Libereck\u00e9 sv\u011btlo | Jsme vzd\u011bl\u00e1vac\u00ed volno\u010dasov\u00e9 centrum spojuj\u00edc\u00ed lidi nap\u0159\u00ed\u010d generacemi"},"image":{"@id":"https:\/\/skolazari.cz\/domu\/#\/schema\/logo\/image\/"},"sameAs":["https:\/\/www.facebook.com\/profile.php?id=61567386495176"]}]}},"uagb_featured_image_src":{"full":false,"thumbnail":false,"medium":false,"medium_large":false,"large":false,"1536x1536":false,"2048x2048":false},"uagb_author_info":{"display_name":"skolazari","author_link":"https:\/\/skolazari.cz\/domu\/author\/skolazari\/"},"uagb_comment_info":0,"uagb_excerpt":"Inspirativn\u00ed rozhovory Objevte rozhovory s pr\u016fvodci, rodi\u010di i p\u0159\u00e1teli \u0161koly o dom\u00e1c\u00edm a alternativn\u00edm vzd\u011bl\u00e1v\u00e1n\u00ed, o \u017eivotn\u00edch cest\u00e1ch i svobodn\u00e9m [&hellip;]","_links":{"self":[{"href":"https:\/\/skolazari.cz\/domu\/wp-json\/wp\/v2\/pages\/861","targetHints":{"allow":["GET"]}}],"collection":[{"href":"https:\/\/skolazari.cz\/domu\/wp-json\/wp\/v2\/pages"}],"about":[{"href":"https:\/\/skolazari.cz\/domu\/wp-json\/wp\/v2\/types\/page"}],"author":[{"embeddable":true,"href":"https:\/\/skolazari.cz\/domu\/wp-json\/wp\/v2\/users\/1"}],"replies":[{"embeddable":true,"href":"https:\/\/skolazari.cz\/domu\/wp-json\/wp\/v2\/comments?post=861"}],"version-history":[{"count":9,"href":"https:\/\/skolazari.cz\/domu\/wp-json\/wp\/v2\/pages\/861\/revisions"}],"predecessor-version":[{"id":877,"href":"https:\/\/skolazari.cz\/domu\/wp-json\/wp\/v2\/pages\/861\/revisions\/877"}],"wp:attachment":[{"href":"https:\/\/skolazari.cz\/domu\/wp-json\/wp\/v2\/media?parent=861"}],"curies":[{"name":"wp","href":"https:\/\/api.w.org\/{rel}","templated":true}]}}